{"id":763,"date":"2025-03-31T11:20:11","date_gmt":"2025-03-31T09:20:11","guid":{"rendered":"https:\/\/jakobgrosseophoff-art.de\/?post_type=product&#038;p=763"},"modified":"2025-12-01T18:34:40","modified_gmt":"2025-12-01T17:34:40","slug":"butterflies-in-the-stomach-machine","status":"publish","type":"product","link":"https:\/\/www.jakobgrosseophoff.com\/de\/produkt\/butterflies-in-the-stomach-machine\/","title":{"rendered":"Butterflies in the Stomach Machine"},"content":{"rendered":"<div class=\"WAZqE7 QfrfFD cell\">\n<section class=\"Va_ZoC\" data-hook=\"description-wrapper\">\n<div class=\"LvOu6J\">\n<div class=\"vaI0UH\" data-hook=\"content-wrapper\">\n<p class=\"p1\"><strong>Title: &#8221;Butterfli<\/strong><strong>es in the Stomach Machine&#8221;<\/strong><\/p>\n<p class=\"p1\">Size: 84 x 60 cm<\/p>\n<p class=\"p1\">Kunstdruck in limitierter Auflage von 77 Exemplaren.<\/p>\n<p class=\"p1\">Nummeriert und handsigniert.<\/p>\n<p class=\"p1\">Inklusive Echtheitszertifikat.<\/p>\n<p>Bilderrahmen sind gegen einen Aufpreis erh\u00e4ltlich.<\/p>\n<\/div>\n<\/div>\n<\/section>\n<\/div>","protected":false},"excerpt":{"rendered":"<p>About this artwork:<\/p>\n<p class=\"p1\">The liver does not only filter toxins from the bloodstream but, when the time is right, also caterpillar eggs. These are transported to the stomach, where they hatch and begin to feed on whatever the human eats. They consume everything, but this poses no problem, for during this time, air and love alone are enough to sustain the human.<\/p>\n<p class=\"p1\">Once the caterpillars reach a certain size, they cocoon themselves. With the gentle warmth of a heating wire along the conveyor belt, the butterflies soon emerge. Before they make their way into the depths of the abdomen, they pass through a meticulous preparation line\u2014washed, polished, and occasionally painted in vibrant colors.<\/p>\n<p class=\"p1\">Inside the belly, they experience pure joy, fluttering about in carefree delight. For a butterfly, it is the greatest honor to reside within a human being.<\/p>\n<p class=\"p1\">The biological lifespan of butterflies varies greatly, ranging from just a few days to as long as four years.<\/p>\n<p>&nbsp;<\/p>\n<p>&nbsp;<\/p>\n<p>Die Leber filtert nicht nur Giftstoffe aus dem Blutkreislauf, sondern, falls die Zeit gekommen ist, auch Raupeneier. Diese werden in den Magen bef\u00f6rdert. Im Magen schl\u00fcpfen die Raupen, und ern\u00e4hren ich von dem, was der Mensch isst. Sie essen dem Menschen alles weg, was jedoch kein Problem darstellt, denn in dieser Zeit reicht dem Mensch nur Luft und Liebe. Sobald sich die Raupen eine bestimmt Gr\u00f6\u00dfe erreicht haben, puppen sie sich ein. Durch die W\u00e4rmezufuhr eines Heizdrahts am F\u00f6rderband schl\u00fcpften bald die Schmetterlinge. Bevor sie ins Innere des Bauches gelangen, werden sie in der Aufbereitungsstra\u00dfe gewaschen und aufpoliert, und vereinzelt noch bunt bemalt. Im Bauch befindend, haben sie die beste Zeit und tollen fr\u00f6hlich herum. F\u00fcr einen Schmetterling ist es eine gro\u00dfe Ehre, im Bauch eines Menschen zu sein. Die biologische Lebensspanne von Schmetterlingen ist sehr unterschiedlich und betr\u00e4gt zwischen wenigen Tagen bis zu vier Jahren.<\/p>","protected":false},"featured_media":1138,"template":"","meta":{"_acf_changed":false},"product_brand":[],"product_cat":[49,48],"product_tag":[],"class_list":{"0":"post-763","1":"product","2":"type-product","3":"status-publish","4":"has-post-thumbnail","6":"product_cat-large","7":"product_cat-prints","8":"product_shipping_class-medium","9":"pa_frame-framed","10":"pa_frame-noframe","12":"first","13":"instock","14":"taxable","15":"shipping-taxable","16":"purchasable","17":"product-type-variable"},"acf":[],"_links":{"self":[{"href":"https:\/\/www.jakobgrosseophoff.com\/de\/wp-json\/wp\/v2\/product\/763","targetHints":{"allow":["GET"]}}],"collection":[{"href":"https:\/\/www.jakobgrosseophoff.com\/de\/wp-json\/wp\/v2\/product"}],"about":[{"href":"https:\/\/www.jakobgrosseophoff.com\/de\/wp-json\/wp\/v2\/types\/product"}],"wp:featuredmedia":[{"embeddable":true,"href":"https:\/\/www.jakobgrosseophoff.com\/de\/wp-json\/wp\/v2\/media\/1138"}],"wp:attachment":[{"href":"https:\/\/www.jakobgrosseophoff.com\/de\/wp-json\/wp\/v2\/media?parent=763"}],"wp:term":[{"taxonomy":"product_brand","embeddable":true,"href":"https:\/\/www.jakobgrosseophoff.com\/de\/wp-json\/wp\/v2\/product_brand?post=763"},{"taxonomy":"product_cat","embeddable":true,"href":"https:\/\/www.jakobgrosseophoff.com\/de\/wp-json\/wp\/v2\/product_cat?post=763"},{"taxonomy":"product_tag","embeddable":true,"href":"https:\/\/www.jakobgrosseophoff.com\/de\/wp-json\/wp\/v2\/product_tag?post=763"}],"curies":[{"name":"wp","href":"https:\/\/api.w.org\/{rel}","templated":true}]}}