{"id":1981,"date":"2025-11-17T21:24:26","date_gmt":"2025-11-17T20:24:26","guid":{"rendered":"https:\/\/www.jakobgrosseophoff.com\/?post_type=product&#038;p=1981"},"modified":"2026-02-16T13:06:06","modified_gmt":"2026-02-16T12:06:06","slug":"you-never-smoke-alone-again-technical-sketch-print-copy","status":"publish","type":"product","link":"https:\/\/www.jakobgrosseophoff.com\/de\/produkt\/you-never-smoke-alone-again-technical-sketch-print-copy\/","title":{"rendered":"\u201cYou never smoke alone again\u201d \u2013 Technische Skizze - Druck"},"content":{"rendered":"<p class=\"p3\">Kunstdruck, erh\u00e4ltlich in zwei Gr\u00f6\u00dfen und limitiert auf insgesamt 100 Exemplare.<\/p>\n<ul>\n<li><b>59.4 \u00d7 84 cm<\/b><span class=\"s1\"> <b>(Din A1)<\/b>\u2013 Auflage von 30 (1\u201330)<\/span><\/li>\n<li>\n<p class=\"p1\"><span class=\"s1\"><b>42 \u00d7 59.4 cm (Din A2)<\/b><\/span> \u2013 Auflage von 70 (31\u2013100)<\/p>\n<\/li>\n<\/ul>\n<p class=\"p3\">Gedruckt als hochwertiger Fine-Art-Pigmentdruck auf <span class=\"s2\"><b>Hahnem\u00fchle 310 gsm<\/b><\/span> Papier.<\/p>\n<p class=\"p1\"><span class=\"s3\">Jeder Druck ist <\/span><b>handsigniert, nummeriert<\/b><span class=\"s3\">, sowie inklusive eines <\/span><b>Echtheitszertifikates<\/b><span class=\"s3\">.<\/span><\/p>","protected":false},"excerpt":{"rendered":"<p>Limited-edition fine-art print, released in two sizes and limited to a total of 100 prints. 59.4 \u00d7 84 cm (Din A1)\u2013 Edition of 30 (1-30) 42 \u00d7 59.4 cm (Din A2) \u2013 Edition of 70 (31-100) Printed as a high-quality fine-art pigment print on Hahnem\u00fchle 310 gsm paper. Each print is hand-signed, numbered, and comes [&hellip;]<\/p>\n","protected":false},"featured_media":2006,"template":"","meta":{"_acf_changed":false},"product_brand":[],"product_cat":[89],"product_tag":[],"class_list":{"0":"post-1981","1":"product","2":"type-product","3":"status-publish","4":"has-post-thumbnail","6":"product_cat-technical-sketch","7":"product_shipping_class-medium","9":"first","10":"instock","11":"taxable","12":"shipping-taxable","13":"purchasable","14":"product-type-variable"},"acf":[],"_links":{"self":[{"href":"https:\/\/www.jakobgrosseophoff.com\/de\/wp-json\/wp\/v2\/product\/1981","targetHints":{"allow":["GET"]}}],"collection":[{"href":"https:\/\/www.jakobgrosseophoff.com\/de\/wp-json\/wp\/v2\/product"}],"about":[{"href":"https:\/\/www.jakobgrosseophoff.com\/de\/wp-json\/wp\/v2\/types\/product"}],"wp:featuredmedia":[{"embeddable":true,"href":"https:\/\/www.jakobgrosseophoff.com\/de\/wp-json\/wp\/v2\/media\/2006"}],"wp:attachment":[{"href":"https:\/\/www.jakobgrosseophoff.com\/de\/wp-json\/wp\/v2\/media?parent=1981"}],"wp:term":[{"taxonomy":"product_brand","embeddable":true,"href":"https:\/\/www.jakobgrosseophoff.com\/de\/wp-json\/wp\/v2\/product_brand?post=1981"},{"taxonomy":"product_cat","embeddable":true,"href":"https:\/\/www.jakobgrosseophoff.com\/de\/wp-json\/wp\/v2\/product_cat?post=1981"},{"taxonomy":"product_tag","embeddable":true,"href":"https:\/\/www.jakobgrosseophoff.com\/de\/wp-json\/wp\/v2\/product_tag?post=1981"}],"curies":[{"name":"wp","href":"https:\/\/api.w.org\/{rel}","templated":true}]}}