{"id":1898,"date":"2025-10-27T14:58:40","date_gmt":"2025-10-27T13:58:40","guid":{"rendered":"https:\/\/www.jakobgrosseophoff.com\/?post_type=product&#038;p=1898"},"modified":"2025-12-01T19:01:11","modified_gmt":"2025-12-01T18:01:11","slug":"clockwork","status":"publish","type":"product","link":"https:\/\/www.jakobgrosseophoff.com\/de\/produkt\/clockwork\/","title":{"rendered":"Clockwork"},"content":{"rendered":"<p>Titel: \u201dClockwork\u201d<\/p>\n<p>Gr\u00f6\u00dfe: 42 \u00d7 60\u202fcm<\/p>\n<p>Kunstdruck in limitierter Auflage von 77 Exemplaren.<\/p>\n<p>Nummeriert und handsigniert.<\/p>\n<p>Inklusive Echtheitszertifikat.<\/p>\n<p>Bilderrahmen sind gegen einen Aufpreis erh\u00e4ltlich.<\/p>","protected":false},"excerpt":{"rendered":"<p>Title: \u201dClockwork\u201d Size: 42 \u00d7 60\u202fcm Limited edition art print of 77. Numbered &amp; hand-signed. Certificate of authenticity included. Framing is available upon request at extra cost.<\/p>","protected":false},"featured_media":1934,"template":"","meta":{"_acf_changed":false},"product_brand":[],"product_cat":[48],"product_tag":[],"class_list":{"0":"post-1898","1":"product","2":"type-product","3":"status-publish","4":"has-post-thumbnail","6":"product_cat-prints","7":"product_shipping_class-medium","8":"pa_frame-framed","9":"pa_frame-noframe","11":"first","12":"instock","13":"taxable","14":"shipping-taxable","15":"purchasable","16":"product-type-variable"},"acf":[],"_links":{"self":[{"href":"https:\/\/www.jakobgrosseophoff.com\/de\/wp-json\/wp\/v2\/product\/1898","targetHints":{"allow":["GET"]}}],"collection":[{"href":"https:\/\/www.jakobgrosseophoff.com\/de\/wp-json\/wp\/v2\/product"}],"about":[{"href":"https:\/\/www.jakobgrosseophoff.com\/de\/wp-json\/wp\/v2\/types\/product"}],"wp:featuredmedia":[{"embeddable":true,"href":"https:\/\/www.jakobgrosseophoff.com\/de\/wp-json\/wp\/v2\/media\/1934"}],"wp:attachment":[{"href":"https:\/\/www.jakobgrosseophoff.com\/de\/wp-json\/wp\/v2\/media?parent=1898"}],"wp:term":[{"taxonomy":"product_brand","embeddable":true,"href":"https:\/\/www.jakobgrosseophoff.com\/de\/wp-json\/wp\/v2\/product_brand?post=1898"},{"taxonomy":"product_cat","embeddable":true,"href":"https:\/\/www.jakobgrosseophoff.com\/de\/wp-json\/wp\/v2\/product_cat?post=1898"},{"taxonomy":"product_tag","embeddable":true,"href":"https:\/\/www.jakobgrosseophoff.com\/de\/wp-json\/wp\/v2\/product_tag?post=1898"}],"curies":[{"name":"wp","href":"https:\/\/api.w.org\/{rel}","templated":true}]}}