{"id":1850,"date":"2025-10-26T18:51:28","date_gmt":"2025-10-26T17:51:28","guid":{"rendered":"https:\/\/www.jakobgrosseophoff.com\/?post_type=product&#038;p=1850"},"modified":"2025-12-01T18:55:34","modified_gmt":"2025-12-01T17:55:34","slug":"widerstand-ist-pflicht","status":"publish","type":"product","link":"https:\/\/www.jakobgrosseophoff.com\/de\/produkt\/widerstand-ist-pflicht\/","title":{"rendered":"Widerstand ist Pflicht"},"content":{"rendered":"<p>Title: \u201dWiderstand ist Pflicht\u201d<\/p>\n<p>Gr\u00f6\u00dfe: 42 \u00d7 60\u202fcm<\/p>\n<p>Kunstdruck in limitierter Auflage von 77 Exemplaren.<\/p>\n<p>Nummeriert und handsigniert.<\/p>\n<p>Inklusive Echtheitszertifikat.<\/p>\n<p>Bilderrahmen sind gegen einen Aufpreis erh\u00e4ltlich.<\/p>","protected":false},"excerpt":{"rendered":"<p>Title: \u201dWiderstand ist Pflicht\u201d Size: 42 \u00d7 60\u202fcm Limited edition art print of 77. Numbered &amp; hand-signed. Certificate of authenticity included. Framing is available upon request at extra cost.<\/p>","protected":false},"featured_media":1951,"template":"","meta":{"_acf_changed":false},"product_brand":[],"product_cat":[48],"product_tag":[],"class_list":{"0":"post-1850","1":"product","2":"type-product","3":"status-publish","4":"has-post-thumbnail","6":"product_cat-prints","7":"product_shipping_class-medium","8":"pa_frame-framed","9":"pa_frame-noframe","11":"first","12":"instock","13":"taxable","14":"shipping-taxable","15":"purchasable","16":"product-type-variable"},"acf":[],"_links":{"self":[{"href":"https:\/\/www.jakobgrosseophoff.com\/de\/wp-json\/wp\/v2\/product\/1850","targetHints":{"allow":["GET"]}}],"collection":[{"href":"https:\/\/www.jakobgrosseophoff.com\/de\/wp-json\/wp\/v2\/product"}],"about":[{"href":"https:\/\/www.jakobgrosseophoff.com\/de\/wp-json\/wp\/v2\/types\/product"}],"wp:featuredmedia":[{"embeddable":true,"href":"https:\/\/www.jakobgrosseophoff.com\/de\/wp-json\/wp\/v2\/media\/1951"}],"wp:attachment":[{"href":"https:\/\/www.jakobgrosseophoff.com\/de\/wp-json\/wp\/v2\/media?parent=1850"}],"wp:term":[{"taxonomy":"product_brand","embeddable":true,"href":"https:\/\/www.jakobgrosseophoff.com\/de\/wp-json\/wp\/v2\/product_brand?post=1850"},{"taxonomy":"product_cat","embeddable":true,"href":"https:\/\/www.jakobgrosseophoff.com\/de\/wp-json\/wp\/v2\/product_cat?post=1850"},{"taxonomy":"product_tag","embeddable":true,"href":"https:\/\/www.jakobgrosseophoff.com\/de\/wp-json\/wp\/v2\/product_tag?post=1850"}],"curies":[{"name":"wp","href":"https:\/\/api.w.org\/{rel}","templated":true}]}}