{"id":1236,"date":"2025-04-22T17:23:40","date_gmt":"2025-04-22T15:23:40","guid":{"rendered":"https:\/\/www.jakobgrosseophoff.com\/?post_type=product&#038;p=1236"},"modified":"2026-03-21T19:17:51","modified_gmt":"2026-03-21T18:17:51","slug":"coffeemaker-75-x-60-cm","status":"publish","type":"product","link":"https:\/\/www.jakobgrosseophoff.com\/de\/produkt\/coffeemaker-75-x-60-cm\/","title":{"rendered":"Coffeemaker"},"content":{"rendered":"<p><b>Title: &#8221;Coffeemaker&#8221;<\/b><\/p>\n<p>Size: 70 \u00d7 60\u202fcm<\/p>\n<p>Limited edition of 77.<\/p>\n<p>Nummeriert und handsigniert.<\/p>\n<p>Inklusive Echtheitszertifikat.<\/p>\n<p>Bilderrahmen sind gegen einen Aufpreis erh\u00e4ltlich.<\/p>","protected":false},"excerpt":{"rendered":"<pre>The human mind is not much different than a coffee\r\nmachine.\r\nWhat arrives through the eyes and ears is first\r\ntransported to the grinder. Some people do it rough,\r\nsome prefer fine grind. Then it is filtered with hot\r\nwater. 92 degrees is perfect, but too hot is better\r\nthan too cold. The filter, whether coarse or fine,\r\nshould be fresh, because old filters get blocked\r\nafter a while. The outcome is very individual,\r\ndifferent in taste and intensity. If the result is\r\nnot sweet enough, add sugar before serving. Who likes\r\nit fluffy, adds milk foam.\r\n<\/pre>\n<pre>At the end there is a coffee, individual and unique.\r\nBut no matter how good the coffeemaker is, remember\r\nthat the quality of the beans is very important.\r\n<\/pre>\n<pre>[DE]\r\nDer menschliche Verstand ist nicht viel anders als eine Kaffeemaschine. Was durch die Augen und Ohren ankommt, wird zuerst zur Mu\u0308hle transportiert. Manche mahlen gro\u0308ber, andere feiner. Anschlie\u00dfend wird es mit hei\u00dfem Wasser gefiltert. 92 Grad ist perfekt, zu hei\u00df ist jedoch besser als zu kalt. Der Filter, egal ob grob oder fein, sollte frisch sein, denn alte Filter verstopfen. Das Ergebnis ist folglich sehr individuell, unterschiedlich in Geschmack und Intensita\u0308t. Wem das Ergebnis nicht su\u0308\u00df genug ist, gibt vor dem Ausschenken Zucker hinzu. Wer es fluffig mag, gibt Milchschaum hinzu.<\/pre>\n<pre>Am Ende steht ein Kaffee da, individuell und\r\neinzigartig. Aber egal wie gut die Kaffeemaschine\r\nist, am Ende kommt es doch sehr auf die Bohne an.\r\n<\/pre>\n<pre><\/pre>\n","protected":false},"featured_media":1240,"template":"","meta":{"_acf_changed":false},"product_brand":[],"product_cat":[48],"product_tag":[],"class_list":{"0":"post-1236","1":"product","2":"type-product","3":"status-publish","4":"has-post-thumbnail","6":"product_cat-prints","7":"product_shipping_class-medium","9":"first","10":"instock","11":"taxable","12":"shipping-taxable","13":"purchasable","14":"product-type-variable"},"acf":[],"_links":{"self":[{"href":"https:\/\/www.jakobgrosseophoff.com\/de\/wp-json\/wp\/v2\/product\/1236","targetHints":{"allow":["GET"]}}],"collection":[{"href":"https:\/\/www.jakobgrosseophoff.com\/de\/wp-json\/wp\/v2\/product"}],"about":[{"href":"https:\/\/www.jakobgrosseophoff.com\/de\/wp-json\/wp\/v2\/types\/product"}],"wp:featuredmedia":[{"embeddable":true,"href":"https:\/\/www.jakobgrosseophoff.com\/de\/wp-json\/wp\/v2\/media\/1240"}],"wp:attachment":[{"href":"https:\/\/www.jakobgrosseophoff.com\/de\/wp-json\/wp\/v2\/media?parent=1236"}],"wp:term":[{"taxonomy":"product_brand","embeddable":true,"href":"https:\/\/www.jakobgrosseophoff.com\/de\/wp-json\/wp\/v2\/product_brand?post=1236"},{"taxonomy":"product_cat","embeddable":true,"href":"https:\/\/www.jakobgrosseophoff.com\/de\/wp-json\/wp\/v2\/product_cat?post=1236"},{"taxonomy":"product_tag","embeddable":true,"href":"https:\/\/www.jakobgrosseophoff.com\/de\/wp-json\/wp\/v2\/product_tag?post=1236"}],"curies":[{"name":"wp","href":"https:\/\/api.w.org\/{rel}","templated":true}]}}