{"id":92,"date":"2025-01-03T21:20:04","date_gmt":"2025-01-03T20:20:04","guid":{"rendered":"http:\/\/jakobgrosseophoff-art.de\/about-us\/"},"modified":"2026-03-26T00:30:22","modified_gmt":"2026-03-25T23:30:22","slug":"person","status":"publish","type":"page","link":"https:\/\/www.jakobgrosseophoff.com\/de\/person\/","title":{"rendered":"Person"},"content":{"rendered":"<div data-elementor-type=\"wp-page\" data-elementor-id=\"92\" class=\"elementor elementor-92\" data-elementor-post-type=\"page\">\n\t\t\t\t<div class=\"elementor-element elementor-element-30e345e1 e-con-full e-flex e-con e-parent\" data-id=\"30e345e1\" data-element_type=\"container\" data-e-type=\"container\" data-settings=\"{&quot;background_background&quot;:&quot;classic&quot;}\">\n\t\t<div class=\"elementor-element elementor-element-75dc2ce2 e-con-full e-flex e-con e-child\" data-id=\"75dc2ce2\" data-element_type=\"container\" data-e-type=\"container\" data-settings=\"{&quot;background_background&quot;:&quot;classic&quot;}\">\n\t\t\t\t<div class=\"elementor-element elementor-element-960da8a elementor-widget elementor-widget-image\" data-id=\"960da8a\" data-element_type=\"widget\" data-e-type=\"widget\" data-widget_type=\"image.default\">\n\t\t\t\t<div class=\"elementor-widget-container\">\n\t\t\t\t\t\t\t\t\t\t\t\t<figure class=\"wp-caption\">\n\t\t\t\t\t\t\t\t\t\t\t<a href=\"https:\/\/danpetermann.de\/\">\n\t\t\t\t\t\t\t<img fetchpriority=\"high\" decoding=\"async\" width=\"609\" height=\"1024\" src=\"https:\/\/www.jakobgrosseophoff.com\/wp-content\/uploads\/2025\/01\/AA50A6A7-138F-41C6-86A1-DF34F44BD62C_1_105_c-609x1024.jpg\" class=\"attachment-large size-large wp-image-40\" alt=\"Jakob Grosse-Ophoff K\u00fcnstler Portrait\" srcset=\"https:\/\/www.jakobgrosseophoff.com\/wp-content\/uploads\/2025\/01\/AA50A6A7-138F-41C6-86A1-DF34F44BD62C_1_105_c-609x1024.jpg 609w, https:\/\/www.jakobgrosseophoff.com\/wp-content\/uploads\/2025\/01\/AA50A6A7-138F-41C6-86A1-DF34F44BD62C_1_105_c-600x1009.jpg 600w, https:\/\/www.jakobgrosseophoff.com\/wp-content\/uploads\/2025\/01\/AA50A6A7-138F-41C6-86A1-DF34F44BD62C_1_105_c-178x300.jpg 178w, https:\/\/www.jakobgrosseophoff.com\/wp-content\/uploads\/2025\/01\/AA50A6A7-138F-41C6-86A1-DF34F44BD62C_1_105_c.jpg 683w\" sizes=\"(max-width: 609px) 100vw, 609px\" \/>\t\t\t\t\t\t\t\t<\/a>\n\t\t\t\t\t\t\t\t\t\t\t<figcaption class=\"widget-image-caption wp-caption-text\">Foto: Dan Petermann<\/figcaption>\n\t\t\t\t\t\t\t\t\t\t<\/figure>\n\t\t\t\t\t\t\t\t\t<\/div>\n\t\t\t\t<\/div>\n\t\t\t\t<\/div>\n\t\t<div class=\"elementor-element elementor-element-2b2d6e9f e-con-full e-flex e-con e-child\" data-id=\"2b2d6e9f\" data-element_type=\"container\" data-e-type=\"container\">\n\t\t\t\t<div class=\"elementor-element elementor-element-48a15ada elementor-widget elementor-widget-heading\" data-id=\"48a15ada\" data-element_type=\"widget\" data-e-type=\"widget\" data-widget_type=\"heading.default\">\n\t\t\t\t<div class=\"elementor-widget-container\">\n\t\t\t\t\t<h1 class=\"elementor-heading-title elementor-size-default\">Person<\/h1>\t\t\t\t<\/div>\n\t\t\t\t<\/div>\n\t\t\t\t<div class=\"elementor-element elementor-element-50a077ee elementor-widget__width-initial elementor-widget-mobile__width-inherit elementor-widget elementor-widget-text-editor\" data-id=\"50a077ee\" data-element_type=\"widget\" data-e-type=\"widget\" data-widget_type=\"text-editor.default\">\n\t\t\t\t<div class=\"elementor-widget-container\">\n\t\t\t\t\t\t\t\t\t<div id=\"bgLayers_comp-ld96iugu2\" class=\"MW5IWV\" data-hook=\"bgLayers\" data-motion-part=\"BG_LAYER comp-ld96iugu2\"><div class=\"LWbAav Kv1aVt\" data-testid=\"colorUnderlay\"><div data-mesh-id=\"comp-ld96iugu2inlineContent-gridContainer\" data-testid=\"mesh-container-content\"><div id=\"comp-jyrg5pgg\" class=\"HcOXKn c9GqVL QxJLC3 lq2cno YQcXTT comp-jyrg5pgg wixui-rich-text\" data-testid=\"richTextElement\"><div id=\"bgLayers_comp-ld96iugu2\" class=\"MW5IWV\" data-hook=\"bgLayers\" data-motion-part=\"BG_LAYER comp-ld96iugu2\"><div id=\"bgMedia_comp-ld96iugu2\" class=\"VgO9Yg\" data-motion-part=\"BG_MEDIA comp-ld96iugu2\"><span class=\"wixui-rich-text__text\">Mein Name ist Jakob Grosse-Ophoff. Ich bin K\u00fcnstler mit Schwerpunkt auf Malerei, Illustration und kinetischer Skulptur. Nach dem Abschluss meines Maschinenbaustudiums im Jahr 2019 habe ich mich vollst\u00e4ndig der k\u00fcnstlerischen Arbeit gewidmet.<\/span><\/div><\/div><div class=\"\" data-mesh-id=\"comp-ld96iugu2inlineContent\" data-testid=\"inline-content\"><div data-mesh-id=\"comp-ld96iugu2inlineContent-gridContainer\" data-testid=\"mesh-container-content\"><div id=\"comp-jyrg5pgg\" class=\"HcOXKn c9GqVL QxJLC3 lq2cno YQcXTT comp-jyrg5pgg wixui-rich-text\" data-testid=\"richTextElement\"><p class=\"font_8 wixui-rich-text__text\"><span class=\"wixui-rich-text__text\">Derzeit liegt mein Schwerpunkt auf kinetischen Skulpturen, menschen\u00e4hnliche Elemente f\u00fchren mit Hilfe von Motoren oder Kurbeln Bewegungen aus. Ich bin fasziniert von diesen allt\u00e4glichen Gesten.<\/span><\/p><p class=\"font_8 wixui-rich-text__text\"><span class=\"wixui-rich-text__text\">Neben meinen kinetischen Skulpturen arbeite ich an gro\u00dfformatigen Leinw\u00e4nden, wobei \u00d6lmalerei, Kohle und Collageelemente die Hauptmaterialien sind. Au\u00dferdem zeichne ich illustrative Motive und verkaufe sie als Drucke in limitierter Auflage.<\/span><\/p><\/div><\/div><\/div><\/div><\/div><\/div><\/div>\t\t\t\t\t\t\t\t<\/div>\n\t\t\t\t<\/div>\n\t\t\t\t<\/div>\n\t\t\t\t<\/div>\n\t\t<div class=\"elementor-element elementor-element-53a5381 e-flex e-con-boxed e-con e-parent\" data-id=\"53a5381\" data-element_type=\"container\" data-e-type=\"container\">\n\t\t\t\t\t<div class=\"e-con-inner\">\n\t\t\t\t<div class=\"elementor-element elementor-element-9d2b5a4 elementor-widget elementor-widget-video\" data-id=\"9d2b5a4\" data-element_type=\"widget\" data-e-type=\"widget\" data-settings=\"{&quot;video_type&quot;:&quot;hosted&quot;,&quot;controls&quot;:&quot;yes&quot;}\" data-widget_type=\"video.default\">\n\t\t\t\t<div class=\"elementor-widget-container\">\n\t\t\t\t\t\t\t<div class=\"e-hosted-video elementor-wrapper elementor-open-inline\">\n\t\t\t\t\t<video class=\"elementor-video\" src=\"https:\/\/www.jakobgrosseophoff.com\/wp-content\/uploads\/2025\/04\/werkstatt-romantic-schweis.mov\" controls=\"\" preload=\"metadata\" controlslist=\"nodownload\" poster=\"https:\/\/www.jakobgrosseophoff.com\/wp-content\/uploads\/2025\/04\/Bildschirmfoto-2025-04-29-um-11.40.45.jpg\"><\/video>\n\t\t\t\t<\/div>\n\t\t\t\t\t\t<\/div>\n\t\t\t\t<\/div>\n\t\t\t\t\t<\/div>\n\t\t\t\t<\/div>\n\t\t<div class=\"elementor-element elementor-element-4ddef29 e-flex e-con-boxed e-con e-parent\" data-id=\"4ddef29\" data-element_type=\"container\" data-e-type=\"container\">\n\t\t\t\t\t<div class=\"e-con-inner\">\n\t\t\t\t<div class=\"elementor-element elementor-element-4f23f2a elementor-widget elementor-widget-heading\" data-id=\"4f23f2a\" data-element_type=\"widget\" data-e-type=\"widget\" data-widget_type=\"heading.default\">\n\t\t\t\t<div class=\"elementor-widget-container\">\n\t\t\t\t\t<h2 class=\"elementor-heading-title elementor-size-default\">Lebenslauf<\/h2>\t\t\t\t<\/div>\n\t\t\t\t<\/div>\n\t\t\t\t<div class=\"elementor-element elementor-element-bfcf69a elementor-widget elementor-widget-text-editor\" data-id=\"bfcf69a\" data-element_type=\"widget\" data-e-type=\"widget\" data-widget_type=\"text-editor.default\">\n\t\t\t\t<div class=\"elementor-widget-container\">\n\t\t\t\t\t\t\t\t\t<p><strong>Jakob Grosse-Ophoff<\/strong><\/p><p><strong>Born: <\/strong>1991 in Germany<\/p><p><strong>Ausbildung: <\/strong>2019 &#8211; Diplom-Ingenieur in Mechanical Engineering (equivalent to MSc), University of Rostock, Germany<\/p><p><strong>UPCUMING:<\/strong><\/p><p>\u2022 23. April 2026 \u2013 Groupshow &#8211; CONJUNCTION, Affenfaust Gallerie, Hambug, Germany<\/p><p>\u2022 29. April 2026 \u2013 Soloshow &#8211; Kunstverein Rostock, Rostock, Germany<\/p><p>\u2022 07. June 2026 \u2013 Groupshow &#8211; Galleri Christoffer Egelund, Copenhagen, Denmark<\/p><p>\u2022 30. October 2026 \u2013 Soloshow &#8211; Museum Beelden aan Zee, Den Haag, Netherlands<\/p><p><strong>Gruppenausstellungen (Auswahl)<\/strong><\/p><p>\u2022 2025 \u2013 Only good vibes, Welt der Versuchungen, Erfurt, Germany<\/p><p>\u2022 2025 \u2013 KNOTENPUNKT, Affenfaust Gallerie, Hambug, Germany<\/p><p>\u2022 2025 \u2013 Masquerade Broadway Musical by Andrew Lloyd Webber, New York, USA<\/p><p>\u2022 2025 \u2013 B-Jokes, Jeonbuk Museum of Art, Jeonbuk, South Korea<\/p><p>\u2022 2025 \u2013 Bewegte Stille, Kunstverein Roter Pavilion, Bad Doberan, Germany<\/p><p>\u2022 2025 \u2013 Gr\u00e9goire et les machines, L\u2019avant Galerie Vossen, Paris, Frankreich<\/p><p>\u2022 2025 \u2013 Unangebracht, Landesweite Kunstschau, Kunsthalle Rostock, Deutschland<\/p><p>\u2022 2024 \u2013 Kulturelle Landpartie, Gledeberg, Deutschland<\/p><p>\u2022 2021 \u2013 Illustrade Festival, Rostock, Deutschland<\/p><p>\u2022 2020 \u2013 Neue Mitglieder, K\u00fcnstlerbund MV, Schwerin, Deutschland<\/p><p><strong>Einzelausstellungen (Auswahl)<\/strong><\/p><p>\u2022 2025 \u2013 machines like us, Gallery TM51, Oslo, Norway<\/p><p>\u2022 2024 \u2013 Maschinen wie wir, Studio 36, Rostock, Deutschland<\/p><p>\u2022 2024 \u2013 At.tension Festival, Deutschland<\/p><p>\u2022 2024 \u2013 Werkschau, Alter Fischereihafen, Cuxhaven, Deutschland<\/p><p>\u2022 2024 \u2013 Kulturelle Landpartie, Gledeberg, Deutschland<\/p><p>\u2022 2024 \u2013 Sehnsucht nach Atem, Nordkirche, B\u00fctzow &amp; Hamburg, Deutschland<\/p><p>\u2022 2023 \u2013 Timber Tenderness, ehemalige Knabenschule, Rostock, Deutschland<\/p><p>\u2022 2021 \u2013 Flugversuch im Federkleid, Wattenmeer Nationalparkzentrum, Cuxhaven, Deutschland<\/p><p>\u2022 2021 \u2013 Werkschau, Unfug, Rostock, Deutschland<\/p><p>\u2022 2020 \u2013 Where is my mind?, Alter Fischereihafen, Cuxhaven, Deutschland<\/p><p>\u2022 2019 \u2013 First Exhibition, Caf\u00e972, Rostock, Deutschland<\/p><p>Auszeichnungen &amp; Preise<\/p><p>\u2022 2021 \u2013 Audience Award, Illustrade Festival, Volkstheater Rostock<\/p><p>\u2022 2023 \u2013 Jury &amp; Audience Award, Artist Battle, Salve e.V.<\/p><p>\u2022 2024 - Kulturhimmel - Kunstpreis der Nordkirche<\/p><p>Aufenthalte<\/p><p>\u2022 2022 - sechsmonatiger Aufenthalt in der Leipziger Baumwollspinnerei - Halle 14, Leipzig<\/p>\t\t\t\t\t\t\t\t<\/div>\n\t\t\t\t<\/div>\n\t\t\t\t\t<\/div>\n\t\t\t\t<\/div>\n\t\t<div class=\"elementor-element elementor-element-33ed3592 e-con-full e-flex e-con e-parent\" data-id=\"33ed3592\" data-element_type=\"container\" data-e-type=\"container\">\n\t\t<div class=\"elementor-element elementor-element-3ce7ec36 e-con-full e-flex e-con e-child\" data-id=\"3ce7ec36\" data-element_type=\"container\" data-e-type=\"container\">\n\t\t\t\t<div class=\"elementor-element elementor-element-a3ec1dd elementor-widget elementor-widget-heading\" data-id=\"a3ec1dd\" data-element_type=\"widget\" data-e-type=\"widget\" data-widget_type=\"heading.default\">\n\t\t\t\t<div class=\"elementor-widget-container\">\n\t\t\t\t\t<h1 class=\"elementor-heading-title elementor-size-default\">Atelier<\/h1>\t\t\t\t<\/div>\n\t\t\t\t<\/div>\n\t\t\t\t<div class=\"elementor-element elementor-element-2191ec24 elementor-widget__width-initial elementor-widget-mobile__width-inherit elementor-widget elementor-widget-text-editor\" data-id=\"2191ec24\" data-element_type=\"widget\" data-e-type=\"widget\" data-widget_type=\"text-editor.default\">\n\t\t\t\t<div class=\"elementor-widget-container\">\n\t\t\t\t\t\t\t\t\t<p>I have a studio in Rostock, Germany. For any questions, please write a mail <a href=\"https:\/\/jakobgrosseophoff-art.de\/contact\/\">wenn Sie hier klicken.<\/a><\/p>\t\t\t\t\t\t\t\t<\/div>\n\t\t\t\t<\/div>\n\t\t\t\t<\/div>\n\t\t<div class=\"elementor-element elementor-element-76b52b38 e-con-full e-flex e-con e-child\" data-id=\"76b52b38\" data-element_type=\"container\" data-e-type=\"container\" data-settings=\"{&quot;background_background&quot;:&quot;classic&quot;}\">\n\t\t\t\t<div class=\"elementor-element elementor-element-d6cf821 elementor-widget elementor-widget-image\" data-id=\"d6cf821\" data-element_type=\"widget\" data-e-type=\"widget\" data-widget_type=\"image.default\">\n\t\t\t\t<div class=\"elementor-widget-container\">\n\t\t\t\t\t\t\t\t\t\t\t\t\t\t\t<img decoding=\"async\" width=\"683\" height=\"1024\" src=\"https:\/\/www.jakobgrosseophoff.com\/wp-content\/uploads\/2025\/01\/214DAF6F-CB87-478F-8D27-76F8819CA83F_1_105_c-683x1024.jpeg\" class=\"attachment-large size-large wp-image-219\" alt=\"\" srcset=\"https:\/\/www.jakobgrosseophoff.com\/wp-content\/uploads\/2025\/01\/214DAF6F-CB87-478F-8D27-76F8819CA83F_1_105_c-683x1024.jpeg 683w, https:\/\/www.jakobgrosseophoff.com\/wp-content\/uploads\/2025\/01\/214DAF6F-CB87-478F-8D27-76F8819CA83F_1_105_c-600x900.jpeg 600w, https:\/\/www.jakobgrosseophoff.com\/wp-content\/uploads\/2025\/01\/214DAF6F-CB87-478F-8D27-76F8819CA83F_1_105_c-200x300.jpeg 200w, https:\/\/www.jakobgrosseophoff.com\/wp-content\/uploads\/2025\/01\/214DAF6F-CB87-478F-8D27-76F8819CA83F_1_105_c.jpeg 724w\" sizes=\"(max-width: 683px) 100vw, 683px\" \/>\t\t\t\t\t\t\t\t\t\t\t\t\t\t\t<\/div>\n\t\t\t\t<\/div>\n\t\t\t\t<\/div>\n\t\t\t\t<\/div>\n\t\t\t\t<\/div>","protected":false},"excerpt":{"rendered":"<p>Foto: Dan Petermann person My name is Jakob Grosse-Ophoff, and I work in the fields of painting, illustration, and kinetic sculpture. I graduated with a degree in mechanical engineering in 2019 and have been working as an artist ever since. Currently, my focus is on kinetic sculptures. Human-like elements perform movements powered by motors or [&hellip;]<\/p>\n","protected":false},"author":1,"featured_media":0,"parent":0,"menu_order":0,"comment_status":"closed","ping_status":"closed","template":"elementor_header_footer","meta":{"_acf_changed":false,"footnotes":""},"class_list":["post-92","page","type-page","status-publish","hentry"],"acf":[],"_links":{"self":[{"href":"https:\/\/www.jakobgrosseophoff.com\/de\/wp-json\/wp\/v2\/pages\/92","targetHints":{"allow":["GET"]}}],"collection":[{"href":"https:\/\/www.jakobgrosseophoff.com\/de\/wp-json\/wp\/v2\/pages"}],"about":[{"href":"https:\/\/www.jakobgrosseophoff.com\/de\/wp-json\/wp\/v2\/types\/page"}],"author":[{"embeddable":true,"href":"https:\/\/www.jakobgrosseophoff.com\/de\/wp-json\/wp\/v2\/users\/1"}],"replies":[{"embeddable":true,"href":"https:\/\/www.jakobgrosseophoff.com\/de\/wp-json\/wp\/v2\/comments?post=92"}],"version-history":[{"count":10,"href":"https:\/\/www.jakobgrosseophoff.com\/de\/wp-json\/wp\/v2\/pages\/92\/revisions"}],"predecessor-version":[{"id":2278,"href":"https:\/\/www.jakobgrosseophoff.com\/de\/wp-json\/wp\/v2\/pages\/92\/revisions\/2278"}],"wp:attachment":[{"href":"https:\/\/www.jakobgrosseophoff.com\/de\/wp-json\/wp\/v2\/media?parent=92"}],"curies":[{"name":"wp","href":"https:\/\/api.w.org\/{rel}","templated":true}]}}