{"id":26,"date":"2025-01-03T15:43:39","date_gmt":"2025-01-03T14:43:39","guid":{"rendered":"http:\/\/jakobgrosseophoff-art.de\/versandarten\/"},"modified":"2025-11-21T16:47:01","modified_gmt":"2025-11-21T15:47:01","slug":"versandarten","status":"publish","type":"page","link":"https:\/\/www.jakobgrosseophoff.com\/de\/versandarten\/","title":{"rendered":"Versandarten"},"content":{"rendered":"<div data-elementor-type=\"wp-page\" data-elementor-id=\"26\" class=\"elementor elementor-26\" data-elementor-post-type=\"page\">\n\t\t\t\t<div class=\"elementor-element elementor-element-cd92555 e-flex e-con-boxed e-con e-parent\" data-id=\"cd92555\" data-element_type=\"container\" data-e-type=\"container\">\n\t\t\t\t\t<div class=\"e-con-inner\">\n\t\t\t\t<div class=\"elementor-element elementor-element-91175d2 elementor-widget elementor-widget-heading\" data-id=\"91175d2\" data-element_type=\"widget\" data-e-type=\"widget\" data-widget_type=\"heading.default\">\n\t\t\t\t<div class=\"elementor-widget-container\">\n\t\t\t\t\t<h2 class=\"elementor-heading-title elementor-size-default\">Versandkosten<\/h2>\t\t\t\t<\/div>\n\t\t\t\t<\/div>\n\t\t\t\t<div class=\"elementor-element elementor-element-b943995 elementor-widget elementor-widget-text-editor\" data-id=\"b943995\" data-element_type=\"widget\" data-e-type=\"widget\" data-widget_type=\"text-editor.default\">\n\t\t\t\t<div class=\"elementor-widget-container\">\n\t\t\t\t\t\t\t\t\t<p>Wir versenden weltweit und arbeiten mit zuverl\u00e4ssigen Versanddienstleistern zusammen, um jedes Kunstwerk sicher anzuliefern.<br \/>Die meisten Versandkosten werden automatisch berechnet, sobald im Checkout eine Adresse eingegeben wird. So wird direkt sichtbar, welche Kosten f\u00fcr eine Bestellung anfallen.<\/p><p>In der unten aufgef\u00fchrten Tabelle steht zus\u00e4tzlich eine grobe \u00dcbersicht \u00fcber die Versandkosten f\u00fcr die wichtigsten Versandgr\u00f6\u00dfen und -kategorien.<\/p><p>Bei Fragen rund um Versand oder internationale Lieferungen hilft das Studio gerne weiter:<\/p><p><a href=\"mailto:studio@jakobgrosseophoff.com\"><b>studio@jakobgrosseophoff.com<\/b><\/a><\/p>\t\t\t\t\t\t\t\t<\/div>\n\t\t\t\t<\/div>\n\t\t\t\t\t<\/div>\n\t\t\t\t<\/div>\n\t\t\t\t<\/div>","protected":false},"excerpt":{"rendered":"<p>Shipping We ship worldwide and work with reliable carriers to ensure each artwork arrives safely.Most shipping costs are calculated automatically once an address is entered during checkout, so the exact rate becomes visible before placing an order. The table below provides an additional overview of approximate shipping costs for the main shipping sizes and categories. [&hellip;]<\/p>\n","protected":false},"author":1,"featured_media":0,"parent":0,"menu_order":0,"comment_status":"closed","ping_status":"closed","template":"","meta":{"_acf_changed":false,"footnotes":""},"class_list":["post-26","page","type-page","status-publish","hentry"],"acf":[],"_links":{"self":[{"href":"https:\/\/www.jakobgrosseophoff.com\/de\/wp-json\/wp\/v2\/pages\/26","targetHints":{"allow":["GET"]}}],"collection":[{"href":"https:\/\/www.jakobgrosseophoff.com\/de\/wp-json\/wp\/v2\/pages"}],"about":[{"href":"https:\/\/www.jakobgrosseophoff.com\/de\/wp-json\/wp\/v2\/types\/page"}],"author":[{"embeddable":true,"href":"https:\/\/www.jakobgrosseophoff.com\/de\/wp-json\/wp\/v2\/users\/1"}],"replies":[{"embeddable":true,"href":"https:\/\/www.jakobgrosseophoff.com\/de\/wp-json\/wp\/v2\/comments?post=26"}],"version-history":[{"count":6,"href":"https:\/\/www.jakobgrosseophoff.com\/de\/wp-json\/wp\/v2\/pages\/26\/revisions"}],"predecessor-version":[{"id":2045,"href":"https:\/\/www.jakobgrosseophoff.com\/de\/wp-json\/wp\/v2\/pages\/26\/revisions\/2045"}],"wp:attachment":[{"href":"https:\/\/www.jakobgrosseophoff.com\/de\/wp-json\/wp\/v2\/media?parent=26"}],"curies":[{"name":"wp","href":"https:\/\/api.w.org\/{rel}","templated":true}]}}