{"id":2097,"date":"2025-11-22T14:27:18","date_gmt":"2025-11-22T13:27:18","guid":{"rendered":"https:\/\/www.jakobgrosseophoff.com\/?page_id=2097"},"modified":"2025-11-22T14:43:19","modified_gmt":"2025-11-22T13:43:19","slug":"technical-sketch-print","status":"publish","type":"page","link":"https:\/\/www.jakobgrosseophoff.com\/de\/technical-sketch-print\/","title":{"rendered":"Technical Sketch Print"},"content":{"rendered":"<div data-elementor-type=\"wp-page\" data-elementor-id=\"2097\" class=\"elementor elementor-2097\" data-elementor-post-type=\"page\">\n\t\t\t\t<div class=\"elementor-element elementor-element-3dc7de9 e-flex e-con-boxed e-con e-parent\" data-id=\"3dc7de9\" data-element_type=\"container\" data-e-type=\"container\">\n\t\t\t\t\t<div class=\"e-con-inner\">\n\t\t\t\t<div class=\"elementor-element elementor-element-83e77c2 elementor-widget elementor-widget-heading\" data-id=\"83e77c2\" data-element_type=\"widget\" data-e-type=\"widget\" data-widget_type=\"heading.default\">\n\t\t\t\t<div class=\"elementor-widget-container\">\n\t\t\t\t\t<h2 class=\"elementor-heading-title elementor-size-default\">Technische Skizzen - Drucke<\/h2>\t\t\t\t<\/div>\n\t\t\t\t<\/div>\n\t\t\t\t<div class=\"elementor-element elementor-element-accc160 elementor-widget elementor-widget-text-editor\" data-id=\"accc160\" data-element_type=\"widget\" data-e-type=\"widget\" data-widget_type=\"text-editor.default\">\n\t\t\t\t<div class=\"elementor-widget-container\">\n\t\t\t\t\t\t\t\t\t<p>Die \u201eTechnischen Skizzen\u201c sind limitierte Auflagen von 100 St\u00fcck und in zwei Gr\u00f6\u00dfen erh\u00e4ltlich. Jeder Druck ist einzeln nummeriert, handsigniert und wird mit einem Echtheitszertifikat geliefert.<\/p>\t\t\t\t\t\t\t\t<\/div>\n\t\t\t\t<\/div>\n\t\t\t\t<div class=\"elementor-element elementor-element-c345412 elementor-grid-2 elementor-grid-mobile-1 elementor-grid-tablet-3 elementor-products-grid elementor-wc-products elementor-show-pagination-border-yes elementor-widget elementor-widget-woocommerce-products\" data-id=\"c345412\" data-element_type=\"widget\" data-e-type=\"widget\" data-widget_type=\"woocommerce-products.default\">\n\t\t\t\t<div class=\"elementor-widget-container\">\n\t\t\t\t\t<div class=\"woocommerce columns-2\"><div class=\"woocommerce-notices-wrapper\"><\/div><form class=\"woocommerce-ordering\" method=\"get\" action=\"\">\n\t\t<select\n\t\tname=\"orderby\"\n\t\tclass=\"orderby\"\n\t\t\t\t\taria-label=\"Shop-Reihenfolge\" data-no-translation-aria-label=\"\"\n\t\t\t>\n\t\t\t\t\t<option value=\"menu_order\"  selected='selected' data-no-translation=\"\" data-trp-gettext=\"\">Standardsortierung<\/option>\n\t\t\t\t\t<option value=\"popularity\" data-no-translation=\"\" data-trp-gettext=\"\" >Nach Beliebtheit sortiert<\/option>\n\t\t\t\t\t<option value=\"date\" data-no-translation=\"\" data-trp-gettext=\"\" >Nach Aktualit\u00e4t sortieren<\/option>\n\t\t\t\t\t<option value=\"price\" data-no-translation=\"\" data-trp-gettext=\"\" >Nach Preis sortieren: aufsteigend<\/option>\n\t\t\t\t\t<option value=\"price-desc\" data-no-translation=\"\" data-trp-gettext=\"\" >Nach Preis sortieren: absteigend<\/option>\n\t\t\t\t\t<option value=\"uwa_ending\" >Sortieren Sie die Auktion nach Ending Soon<\/option>\n\t\t\t\t\t<option value=\"uwa_started\" >Auktion sortieren nach Gerade gestartet<\/option>\n\t\t\t\t\t<option value=\"uwa_active\" >Auktion nach Aktivsten sortieren<\/option>\n\t\t\t<\/select>\n\t<input type=\"hidden\" name=\"paged\" value=\"1\" \/>\n\t<input type=\"hidden\" name=\"trp-form-language\" value=\"de\"\/><\/form>\n<ul class=\"products elementor-grid columns-2\">\n<li class=\"product type-product post-1981 status-publish first instock product_cat-technical-sketch has-post-thumbnail taxable shipping-taxable purchasable product-type-variable\">\n\t<a href=\"https:\/\/www.jakobgrosseophoff.com\/de\/produkt\/you-never-smoke-alone-again-technical-sketch-print-copy\/\" class=\"woocommerce-LoopProduct-link woocommerce-loop-product__link\"><img fetchpriority=\"high\" decoding=\"async\" width=\"500\" height=\"500\" src=\"https:\/\/www.jakobgrosseophoff.com\/wp-content\/uploads\/2025\/11\/DSC08432-500x500.jpg\" class=\"attachment-woocommerce_thumbnail size-woocommerce_thumbnail\" alt=\"\u201cYou never smoke alone again\u201d \u2013 Technical Sketch Print\" srcset=\"https:\/\/www.jakobgrosseophoff.com\/wp-content\/uploads\/2025\/11\/DSC08432-500x500.jpg 500w, https:\/\/www.jakobgrosseophoff.com\/wp-content\/uploads\/2025\/11\/DSC08432-300x300.jpg 300w, https:\/\/www.jakobgrosseophoff.com\/wp-content\/uploads\/2025\/11\/DSC08432-1024x1024.jpg 1024w, https:\/\/www.jakobgrosseophoff.com\/wp-content\/uploads\/2025\/11\/DSC08432-400x400.jpg 400w, https:\/\/www.jakobgrosseophoff.com\/wp-content\/uploads\/2025\/11\/DSC08432-768x768.jpg 768w, https:\/\/www.jakobgrosseophoff.com\/wp-content\/uploads\/2025\/11\/DSC08432-1536x1536.jpg 1536w, https:\/\/www.jakobgrosseophoff.com\/wp-content\/uploads\/2025\/11\/DSC08432-12x12.jpg 12w, https:\/\/www.jakobgrosseophoff.com\/wp-content\/uploads\/2025\/11\/DSC08432-600x600.jpg 600w, https:\/\/www.jakobgrosseophoff.com\/wp-content\/uploads\/2025\/11\/DSC08432-100x100.jpg 100w, https:\/\/www.jakobgrosseophoff.com\/wp-content\/uploads\/2025\/11\/DSC08432.jpg 2048w\" sizes=\"(max-width: 500px) 100vw, 500px\" \/><h2 class=\"woocommerce-loop-product__title\">\u201cYou never smoke alone again\u201d \u2013 Technische Skizze - Druck<\/h2>\n\t<span class=\"price\"><span class=\"woocommerce-Price-amount amount\"><bdi>135,00&nbsp;<span class=\"woocommerce-Price-currencySymbol\">&euro;<\/span><\/bdi><\/span> \u2013 <span class=\"woocommerce-Price-amount amount\"><bdi>195,00&nbsp;<span class=\"woocommerce-Price-currencySymbol\">&euro;<\/span><\/bdi><\/span><\/span>\n\n\n\n<\/a>\n\t<p class=\"wc-gzd-additional-info wc-gzd-additional-info-loop tax-info\">inkl. MwSt.<\/p>\n\n\n\n<a href=\"https:\/\/www.jakobgrosseophoff.com\/de\/produkt\/you-never-smoke-alone-again-technical-sketch-print-copy\/\" aria-describedby=\"woocommerce_loop_add_to_cart_link_describedby_1981\" data-quantity=\"1\" class=\"button product_type_variable add_to_cart_button\" data-product_id=\"1981\" data-product_sku=\"\" aria-label=\"W\u00e4hle Optionen f\u00fcr \u201e\u201cYou never smoke alone again\u201d \u2013 Technical Sketch Print\u201c\" rel=\"nofollow\" data-no-translation=\"\" data-trp-gettext=\"\" data-no-translation-aria-label=\"\">Ausf\u00fchrung w\u00e4hlen<\/a>\t<span id=\"woocommerce_loop_add_to_cart_link_describedby_1981\" class=\"screen-reader-text\">\n\t\tDieses Produkt weist mehrere Varianten auf. Die Optionen k\u00f6nnen auf der Produktseite gew\u00e4hlt werden\t<\/span>\n<\/li>\n<li class=\"product type-product post-1991 status-publish last instock product_cat-technical-sketch product_cat-unkategorisiert has-post-thumbnail taxable shipping-taxable purchasable product-type-variable\">\n\t<a href=\"https:\/\/www.jakobgrosseophoff.com\/de\/produkt\/heartmaker-technical-sketch-print\/\" class=\"woocommerce-LoopProduct-link woocommerce-loop-product__link\"><img decoding=\"async\" width=\"500\" height=\"500\" src=\"https:\/\/www.jakobgrosseophoff.com\/wp-content\/uploads\/2025\/11\/DSC08471-500x500.jpg\" class=\"attachment-woocommerce_thumbnail size-woocommerce_thumbnail\" alt=\"\u201cHeartmaker\u201d \u2013 Technical Sketch Print\" srcset=\"https:\/\/www.jakobgrosseophoff.com\/wp-content\/uploads\/2025\/11\/DSC08471-500x500.jpg 500w, https:\/\/www.jakobgrosseophoff.com\/wp-content\/uploads\/2025\/11\/DSC08471-300x300.jpg 300w, https:\/\/www.jakobgrosseophoff.com\/wp-content\/uploads\/2025\/11\/DSC08471-1024x1024.jpg 1024w, https:\/\/www.jakobgrosseophoff.com\/wp-content\/uploads\/2025\/11\/DSC08471-400x400.jpg 400w, https:\/\/www.jakobgrosseophoff.com\/wp-content\/uploads\/2025\/11\/DSC08471-768x768.jpg 768w, https:\/\/www.jakobgrosseophoff.com\/wp-content\/uploads\/2025\/11\/DSC08471-1536x1536.jpg 1536w, https:\/\/www.jakobgrosseophoff.com\/wp-content\/uploads\/2025\/11\/DSC08471-12x12.jpg 12w, https:\/\/www.jakobgrosseophoff.com\/wp-content\/uploads\/2025\/11\/DSC08471-600x600.jpg 600w, https:\/\/www.jakobgrosseophoff.com\/wp-content\/uploads\/2025\/11\/DSC08471-100x100.jpg 100w, https:\/\/www.jakobgrosseophoff.com\/wp-content\/uploads\/2025\/11\/DSC08471.jpg 2048w\" sizes=\"(max-width: 500px) 100vw, 500px\" \/><h2 class=\"woocommerce-loop-product__title\">\u201cHeartmaker\u201d \u2013 Technische Skizze - Druck<\/h2>\n\t<span class=\"price\"><span class=\"woocommerce-Price-amount amount\"><bdi>135,00&nbsp;<span class=\"woocommerce-Price-currencySymbol\">&euro;<\/span><\/bdi><\/span> \u2013 <span class=\"woocommerce-Price-amount amount\"><bdi>195,00&nbsp;<span class=\"woocommerce-Price-currencySymbol\">&euro;<\/span><\/bdi><\/span><\/span>\n\n\n\n<\/a>\n\t<p class=\"wc-gzd-additional-info wc-gzd-additional-info-loop tax-info\">inkl. MwSt.<\/p>\n\n\n\n<a href=\"https:\/\/www.jakobgrosseophoff.com\/de\/produkt\/heartmaker-technical-sketch-print\/\" aria-describedby=\"woocommerce_loop_add_to_cart_link_describedby_1991\" data-quantity=\"1\" class=\"button product_type_variable add_to_cart_button\" data-product_id=\"1991\" data-product_sku=\"\" aria-label=\"W\u00e4hle Optionen f\u00fcr \u201e\u201cHeartmaker\u201d \u2013 Technical Sketch Print\u201c\" rel=\"nofollow\" data-no-translation=\"\" data-trp-gettext=\"\" data-no-translation-aria-label=\"\">Ausf\u00fchrung w\u00e4hlen<\/a>\t<span id=\"woocommerce_loop_add_to_cart_link_describedby_1991\" class=\"screen-reader-text\">\n\t\tDieses Produkt weist mehrere Varianten auf. Die Optionen k\u00f6nnen auf der Produktseite gew\u00e4hlt werden\t<\/span>\n<\/li>\n<li class=\"product type-product post-1974 status-publish first instock product_cat-technical-sketch product_cat-unkategorisiert has-post-thumbnail taxable shipping-taxable purchasable product-type-variable\">\n\t<a href=\"https:\/\/www.jakobgrosseophoff.com\/de\/produkt\/kissbot-technical-sketch-print\/\" class=\"woocommerce-LoopProduct-link woocommerce-loop-product__link\"><img decoding=\"async\" width=\"500\" height=\"500\" src=\"https:\/\/www.jakobgrosseophoff.com\/wp-content\/uploads\/2025\/11\/DSC08497-500x500.jpg\" class=\"attachment-woocommerce_thumbnail size-woocommerce_thumbnail\" alt=\"\u201cKissbot\u201d \u2013 Technical Sketch Print\" srcset=\"https:\/\/www.jakobgrosseophoff.com\/wp-content\/uploads\/2025\/11\/DSC08497-500x500.jpg 500w, https:\/\/www.jakobgrosseophoff.com\/wp-content\/uploads\/2025\/11\/DSC08497-300x300.jpg 300w, https:\/\/www.jakobgrosseophoff.com\/wp-content\/uploads\/2025\/11\/DSC08497-1024x1024.jpg 1024w, https:\/\/www.jakobgrosseophoff.com\/wp-content\/uploads\/2025\/11\/DSC08497-400x400.jpg 400w, https:\/\/www.jakobgrosseophoff.com\/wp-content\/uploads\/2025\/11\/DSC08497-768x768.jpg 768w, https:\/\/www.jakobgrosseophoff.com\/wp-content\/uploads\/2025\/11\/DSC08497-1536x1536.jpg 1536w, https:\/\/www.jakobgrosseophoff.com\/wp-content\/uploads\/2025\/11\/DSC08497-12x12.jpg 12w, https:\/\/www.jakobgrosseophoff.com\/wp-content\/uploads\/2025\/11\/DSC08497-600x600.jpg 600w, https:\/\/www.jakobgrosseophoff.com\/wp-content\/uploads\/2025\/11\/DSC08497-100x100.jpg 100w, https:\/\/www.jakobgrosseophoff.com\/wp-content\/uploads\/2025\/11\/DSC08497.jpg 2048w\" sizes=\"(max-width: 500px) 100vw, 500px\" \/><h2 class=\"woocommerce-loop-product__title\">\u201cKissbot\u201d \u2013 Technische Skizze - Druck<\/h2>\n\t<span class=\"price\"><span class=\"woocommerce-Price-amount amount\"><bdi>135,00&nbsp;<span class=\"woocommerce-Price-currencySymbol\">&euro;<\/span><\/bdi><\/span> \u2013 <span class=\"woocommerce-Price-amount amount\"><bdi>195,00&nbsp;<span class=\"woocommerce-Price-currencySymbol\">&euro;<\/span><\/bdi><\/span><\/span>\n\n\n\n<\/a>\n\t<p class=\"wc-gzd-additional-info wc-gzd-additional-info-loop tax-info\">inkl. MwSt.<\/p>\n\n\n\n<a href=\"https:\/\/www.jakobgrosseophoff.com\/de\/produkt\/kissbot-technical-sketch-print\/\" aria-describedby=\"woocommerce_loop_add_to_cart_link_describedby_1974\" data-quantity=\"1\" class=\"button product_type_variable add_to_cart_button\" data-product_id=\"1974\" data-product_sku=\"\" aria-label=\"W\u00e4hle Optionen f\u00fcr \u201e\u201cKissbot\u201d \u2013 Technical Sketch Print\u201c\" rel=\"nofollow\" data-no-translation=\"\" data-trp-gettext=\"\" data-no-translation-aria-label=\"\">Ausf\u00fchrung w\u00e4hlen<\/a>\t<span id=\"woocommerce_loop_add_to_cart_link_describedby_1974\" class=\"screen-reader-text\">\n\t\tDieses Produkt weist mehrere Varianten auf. Die Optionen k\u00f6nnen auf der Produktseite gew\u00e4hlt werden\t<\/span>\n<\/li>\n<li class=\"product type-product post-1985 status-publish last instock product_cat-technical-sketch product_cat-unkategorisiert has-post-thumbnail taxable shipping-taxable purchasable product-type-variable\">\n\t<a href=\"https:\/\/www.jakobgrosseophoff.com\/de\/produkt\/painted-happy-technical-sketch-print\/\" class=\"woocommerce-LoopProduct-link woocommerce-loop-product__link\"><img loading=\"lazy\" decoding=\"async\" width=\"500\" height=\"500\" src=\"https:\/\/www.jakobgrosseophoff.com\/wp-content\/uploads\/2025\/11\/DSC08451-500x500.jpg\" class=\"attachment-woocommerce_thumbnail size-woocommerce_thumbnail\" alt=\"\u201cpainted happy\u201d \u2013 Technical Sketch Print\" srcset=\"https:\/\/www.jakobgrosseophoff.com\/wp-content\/uploads\/2025\/11\/DSC08451-500x500.jpg 500w, https:\/\/www.jakobgrosseophoff.com\/wp-content\/uploads\/2025\/11\/DSC08451-300x300.jpg 300w, https:\/\/www.jakobgrosseophoff.com\/wp-content\/uploads\/2025\/11\/DSC08451-1024x1024.jpg 1024w, https:\/\/www.jakobgrosseophoff.com\/wp-content\/uploads\/2025\/11\/DSC08451-400x400.jpg 400w, https:\/\/www.jakobgrosseophoff.com\/wp-content\/uploads\/2025\/11\/DSC08451-768x768.jpg 768w, https:\/\/www.jakobgrosseophoff.com\/wp-content\/uploads\/2025\/11\/DSC08451-1536x1536.jpg 1536w, https:\/\/www.jakobgrosseophoff.com\/wp-content\/uploads\/2025\/11\/DSC08451-12x12.jpg 12w, https:\/\/www.jakobgrosseophoff.com\/wp-content\/uploads\/2025\/11\/DSC08451-600x600.jpg 600w, https:\/\/www.jakobgrosseophoff.com\/wp-content\/uploads\/2025\/11\/DSC08451-100x100.jpg 100w, https:\/\/www.jakobgrosseophoff.com\/wp-content\/uploads\/2025\/11\/DSC08451.jpg 2048w\" sizes=\"(max-width: 500px) 100vw, 500px\" \/><h2 class=\"woocommerce-loop-product__title\">\u201cpainted happy\u201d \u2013 Technische Skizze - Druck<\/h2>\n\t<span class=\"price\"><span class=\"woocommerce-Price-amount amount\"><bdi>135,00&nbsp;<span class=\"woocommerce-Price-currencySymbol\">&euro;<\/span><\/bdi><\/span> \u2013 <span class=\"woocommerce-Price-amount amount\"><bdi>195,00&nbsp;<span class=\"woocommerce-Price-currencySymbol\">&euro;<\/span><\/bdi><\/span><\/span>\n\n\n\n<\/a>\n\t<p class=\"wc-gzd-additional-info wc-gzd-additional-info-loop tax-info\">inkl. MwSt.<\/p>\n\n\n\n<a href=\"https:\/\/www.jakobgrosseophoff.com\/de\/produkt\/painted-happy-technical-sketch-print\/\" aria-describedby=\"woocommerce_loop_add_to_cart_link_describedby_1985\" data-quantity=\"1\" class=\"button product_type_variable add_to_cart_button\" data-product_id=\"1985\" data-product_sku=\"\" aria-label=\"W\u00e4hle Optionen f\u00fcr \u201e\u201cpainted happy\u201d \u2013 Technical Sketch Print\u201c\" rel=\"nofollow\" data-no-translation=\"\" data-trp-gettext=\"\" data-no-translation-aria-label=\"\">Ausf\u00fchrung w\u00e4hlen<\/a>\t<span id=\"woocommerce_loop_add_to_cart_link_describedby_1985\" class=\"screen-reader-text\">\n\t\tDieses Produkt weist mehrere Varianten auf. Die Optionen k\u00f6nnen auf der Produktseite gew\u00e4hlt werden\t<\/span>\n<\/li>\n<\/ul>\n<\/div>\t\t\t\t<\/div>\n\t\t\t\t<\/div>\n\t\t\t\t\t<\/div>\n\t\t\t\t<\/div>\n\t\t\t\t<\/div>","protected":false},"excerpt":{"rendered":"<p>Technical Sketch Prints The \u201cTechnical Sketch Prints\u201d are limited editions of 100 and available in two sizes. Each print is individually numbered, hand-signed, and comes with a certificate of authenticity.<\/p>","protected":false},"author":1,"featured_media":0,"parent":0,"menu_order":0,"comment_status":"closed","ping_status":"closed","template":"","meta":{"_acf_changed":false,"footnotes":""},"class_list":["post-2097","page","type-page","status-publish","hentry"],"acf":[],"_links":{"self":[{"href":"https:\/\/www.jakobgrosseophoff.com\/de\/wp-json\/wp\/v2\/pages\/2097","targetHints":{"allow":["GET"]}}],"collection":[{"href":"https:\/\/www.jakobgrosseophoff.com\/de\/wp-json\/wp\/v2\/pages"}],"about":[{"href":"https:\/\/www.jakobgrosseophoff.com\/de\/wp-json\/wp\/v2\/types\/page"}],"author":[{"embeddable":true,"href":"https:\/\/www.jakobgrosseophoff.com\/de\/wp-json\/wp\/v2\/users\/1"}],"replies":[{"embeddable":true,"href":"https:\/\/www.jakobgrosseophoff.com\/de\/wp-json\/wp\/v2\/comments?post=2097"}],"version-history":[{"count":10,"href":"https:\/\/www.jakobgrosseophoff.com\/de\/wp-json\/wp\/v2\/pages\/2097\/revisions"}],"predecessor-version":[{"id":2112,"href":"https:\/\/www.jakobgrosseophoff.com\/de\/wp-json\/wp\/v2\/pages\/2097\/revisions\/2112"}],"wp:attachment":[{"href":"https:\/\/www.jakobgrosseophoff.com\/de\/wp-json\/wp\/v2\/media?parent=2097"}],"curies":[{"name":"wp","href":"https:\/\/api.w.org\/{rel}","templated":true}]}}