{"id":103,"date":"2025-01-03T21:20:05","date_gmt":"2025-01-03T20:20:05","guid":{"rendered":"http:\/\/jakobgrosseophoff-art.de\/cart\/"},"modified":"2025-03-04T19:55:05","modified_gmt":"2025-03-04T18:55:05","slug":"cart","status":"publish","type":"page","link":"https:\/\/www.jakobgrosseophoff.com\/de\/cart\/","title":{"rendered":"Cart"},"content":{"rendered":"<div data-elementor-type=\"wp-page\" data-elementor-id=\"103\" class=\"elementor elementor-103\" data-elementor-post-type=\"page\">\n\t\t\t\t<div class=\"elementor-element elementor-element-651b0ed8 e-flex e-con-boxed e-con e-parent\" data-id=\"651b0ed8\" data-element_type=\"container\" data-e-type=\"container\" data-settings=\"{&quot;background_background&quot;:&quot;classic&quot;}\">\n\t\t\t\t\t<div class=\"e-con-inner\">\n\t\t\t\t\t<\/div>\n\t\t\t\t<\/div>\n\t\t\t\t<\/div>","protected":false},"excerpt":{"rendered":"<p>Artikel entfernen Vorschaubild Produkt Preis Anzahl Zwischensumme &times; Human Privilege Lottery 340,00&nbsp;&euro; Human Privilege Lottery Menge 340,00&nbsp;&euro; Update Cart Cart Total Zwischensumme 340,00&nbsp;&euro; Versand Versand Gro\u00dfformat: 10,95&nbsp;&euro; Versandoptionen werden w\u00e4hrend des Bezahlvorgangs aktualisiert. Versandkosten berechnen Land\/Region: Land\/Region ausw\u00e4hlen\u00a0\u2026BelgienBulgarienDeutschlandD\u00e4nemarkEstlandFinnlandFrankreichGriechenlandIrlandItalienKroatienLettlandLitauenLuxemburgMaltaNiederlandePolenPortugalRum\u00e4nienSchwedenSlowakeiSlowenienSpanienTschechienUngarnZypern\u00d6sterreich Bundesland\/Landkreis: W\u00e4hle eine Option&hellip;Baden-W\u00fcrttembergBayernBerlinBrandenburgBremenHamburgHessenMecklenburg-VorpommernNiedersachsenNordrhein-WestfalenRheinland-PfalzSaarlandSachsenSachsen-AnhaltSchleswig-HolsteinTh\u00fcringen Stadt: Postleitzahl: Update Gesamtsumme 350,95&nbsp;&euro; (beinhaltet 56,03&nbsp;&euro; MwSt. 19 % DE; Sch\u00e4tzwert f\u00fcr [&hellip;]<\/p>\n","protected":false},"author":1,"featured_media":0,"parent":0,"menu_order":0,"comment_status":"closed","ping_status":"closed","template":"elementor_header_footer","meta":{"_acf_changed":false,"footnotes":""},"class_list":["post-103","page","type-page","status-publish","hentry"],"acf":[],"_links":{"self":[{"href":"https:\/\/www.jakobgrosseophoff.com\/de\/wp-json\/wp\/v2\/pages\/103","targetHints":{"allow":["GET"]}}],"collection":[{"href":"https:\/\/www.jakobgrosseophoff.com\/de\/wp-json\/wp\/v2\/pages"}],"about":[{"href":"https:\/\/www.jakobgrosseophoff.com\/de\/wp-json\/wp\/v2\/types\/page"}],"author":[{"embeddable":true,"href":"https:\/\/www.jakobgrosseophoff.com\/de\/wp-json\/wp\/v2\/users\/1"}],"replies":[{"embeddable":true,"href":"https:\/\/www.jakobgrosseophoff.com\/de\/wp-json\/wp\/v2\/comments?post=103"}],"version-history":[{"count":7,"href":"https:\/\/www.jakobgrosseophoff.com\/de\/wp-json\/wp\/v2\/pages\/103\/revisions"}],"predecessor-version":[{"id":447,"href":"https:\/\/www.jakobgrosseophoff.com\/de\/wp-json\/wp\/v2\/pages\/103\/revisions\/447"}],"wp:attachment":[{"href":"https:\/\/www.jakobgrosseophoff.com\/de\/wp-json\/wp\/v2\/media?parent=103"}],"curies":[{"name":"wp","href":"https:\/\/api.w.org\/{rel}","templated":true}]}}